{"id":442,"date":"2020-12-16T01:36:01","date_gmt":"2020-12-16T00:36:01","guid":{"rendered":"https:\/\/ladycamonessoriano.com\/index.php\/contagion\/"},"modified":"2025-06-05T12:31:41","modified_gmt":"2025-06-05T17:31:41","slug":"produccion-legislativa","status":"publish","type":"page","link":"https:\/\/ladycamonessoriano.com\/index.php\/produccion-legislativa\/","title":{"rendered":"Producci\u00f3n legislativa"},"content":{"rendered":"\t\t<div data-elementor-type=\"wp-page\" data-elementor-id=\"442\" class=\"elementor elementor-442\" data-elementor-post-type=\"page\">\n\t\t\t\t<div class=\"elementor-element elementor-element-4b07734 e-flex e-con-boxed e-con e-parent\" data-id=\"4b07734\" data-element_type=\"container\" data-e-type=\"container\">\n\t\t\t\t\t<div class=\"e-con-inner\">\n\t\t<div class=\"elementor-element elementor-element-a406f6e e-con-full e-flex e-con e-child\" data-id=\"a406f6e\" data-element_type=\"container\" data-e-type=\"container\">\n\t\t\t\t<div class=\"elementor-element elementor-element-ff4cf09 elementor-widget elementor-widget-image\" data-id=\"ff4cf09\" data-element_type=\"widget\" data-e-type=\"widget\" data-widget_type=\"image.default\">\n\t\t\t\t<div class=\"elementor-widget-container\">\n\t\t\t\t\t\t\t\t\t\t\t\t\t\t\t<img fetchpriority=\"high\" decoding=\"async\" width=\"1024\" height=\"683\" src=\"https:\/\/ladycamonessoriano.com\/wp-content\/uploads\/2023\/10\/REVISTA-MOCKUP-1-1024x683.png\" class=\"attachment-large size-large wp-image-1421\" alt=\"\" srcset=\"https:\/\/ladycamonessoriano.com\/wp-content\/uploads\/2023\/10\/REVISTA-MOCKUP-1-1024x683.png 1024w, https:\/\/ladycamonessoriano.com\/wp-content\/uploads\/2023\/10\/REVISTA-MOCKUP-1-300x200.png 300w, https:\/\/ladycamonessoriano.com\/wp-content\/uploads\/2023\/10\/REVISTA-MOCKUP-1-768x512.png 768w, https:\/\/ladycamonessoriano.com\/wp-content\/uploads\/2023\/10\/REVISTA-MOCKUP-1.png 1500w\" sizes=\"(max-width: 1024px) 100vw, 1024px\" \/>\t\t\t\t\t\t\t\t\t\t\t\t\t\t\t<\/div>\n\t\t\t\t<\/div>\n\t\t\t\t<\/div>\n\t\t<div class=\"elementor-element elementor-element-921c64f e-con-full e-flex e-con e-child\" data-id=\"921c64f\" data-element_type=\"container\" data-e-type=\"container\">\n\t\t\t\t<div class=\"elementor-element elementor-element-167b02f elementor-widget elementor-widget-heading\" data-id=\"167b02f\" data-element_type=\"widget\" data-e-type=\"widget\" data-widget_type=\"heading.default\">\n\t\t\t\t<div class=\"elementor-widget-container\">\n\t\t\t\t\t<h3 class=\"elementor-heading-title elementor-size-default\"><a href=\"#Revista\">\u00a1Te animamos a descargar nuestra revista digital!<\/a><\/h3>\t\t\t\t<\/div>\n\t\t\t\t<\/div>\n\t\t\t\t<div class=\"elementor-element elementor-element-b26d80e elementor-widget elementor-widget-text-editor\" data-id=\"b26d80e\" data-element_type=\"widget\" data-e-type=\"widget\" data-widget_type=\"text-editor.default\">\n\t\t\t\t<div class=\"elementor-widget-container\">\n\t\t\t\t\t\t\t\t\t<p>\u00a0La hemos creado con mucho cari\u00f1o para mostrarte el fruto de nuestro esfuerzo a trav\u00e9s de iniciativas legislativas y gestiones en toda la regi\u00f3n \u00c1ncash y el Per\u00fa.<\/p><p>\u00a1Acomp\u00e1\u00f1anos en este recorrido descargando ahora tu copia y descubre el trabajo que juntos estamos construyendo!<\/p><p>\u00a0<\/p>\t\t\t\t\t\t\t\t<\/div>\n\t\t\t\t<\/div>\n\t\t\t\t<div class=\"elementor-element elementor-element-7698132 elementor-align-center elementor-widget elementor-widget-button\" data-id=\"7698132\" data-element_type=\"widget\" data-e-type=\"widget\" data-widget_type=\"button.default\">\n\t\t\t\t<div class=\"elementor-widget-container\">\n\t\t\t\t\t\t\t\t\t<div class=\"elementor-button-wrapper\">\n\t\t\t\t\t<a class=\"elementor-button elementor-button-link elementor-size-sm\" href=\"https:\/\/www.flipsnack.com\/lcamones\/revista-producci-n-legislativa-7pmg5mcrzp\/full-view.html?p=1\" target=\"_blank\">\n\t\t\t\t\t\t<span class=\"elementor-button-content-wrapper\">\n\t\t\t\t\t\t\t\t\t<span class=\"elementor-button-text\">DESCARGAR REVISTA<\/span>\n\t\t\t\t\t<\/span>\n\t\t\t\t\t<\/a>\n\t\t\t\t<\/div>\n\t\t\t\t\t\t\t\t<\/div>\n\t\t\t\t<\/div>\n\t\t\t\t<\/div>\n\t\t\t\t\t<\/div>\n\t\t\t\t<\/div>\n\t\t<div class=\"elementor-element elementor-element-1992650 e-flex e-con-boxed e-con e-parent\" data-id=\"1992650\" data-element_type=\"container\" data-e-type=\"container\">\n\t\t\t\t\t<div class=\"e-con-inner\">\n\t\t\t\t<div class=\"elementor-element elementor-element-2f1bebe elementor-widget elementor-widget-html\" data-id=\"2f1bebe\" data-element_type=\"widget\" data-e-type=\"widget\" data-widget_type=\"html.default\">\n\t\t\t\t<div class=\"elementor-widget-container\">\n\t\t\t\t\t<!DOCTYPE html>\r\n<html lang=\"es\">\r\n<head>\r\n    <meta charset=\"UTF-8\">\r\n    <meta name=\"viewport\" content=\"width=device-width, initial-scale=1.0\">\r\n    <title>Proyectos de Ley - Lady Camones<\/title>\r\n    <link rel=\"stylesheet\" href=\"styles.css\">\r\n    <script defer src=\"script.js\"><\/script>\r\n<\/head>\r\n<body>\r\n    <header>\r\n        <h1>Proyectos de Ley<\/h1>\r\n        <p>Consulta los proyectos de ley presentados por la congresista Lady Camones.<\/p>\r\n    <\/header>\r\n\r\n    <section id=\"filters\">\r\n        <label for=\"estado\">Estado:<\/label>\r\n        <select id=\"estado\">\r\n            <option value=\"todos\">Todos<\/option>\r\n            <option value=\"presentado\">Presentado<\/option>\r\n            <option value=\"en_comision\">En Comisi\u00f3n<\/option>\r\n            <option value=\"aprobado\">Aprobado<\/option>\r\n            <option value=\"publicado\">Publicado como Ley<\/option>\r\n        <\/select>\r\n\r\n        <label for=\"categoria\">Categor\u00eda:<\/label>\r\n        <select id=\"categoria\">\r\n            <option value=\"todas\">Todas<\/option>\r\n            <option value=\"economia\">Econom\u00eda<\/option>\r\n            <option value=\"educacion\">Educaci\u00f3n<\/option>\r\n            <option value=\"salud\">Salud<\/option>\r\n            <option value=\"seguridad\">Seguridad<\/option>\r\n            <option value=\"descentralizacion\">Descentralizaci\u00f3n<\/option>\r\n        <\/select>\r\n\r\n        <button onclick=\"filtrarProyectos()\">Filtrar<\/button>\r\n    <\/section>\r\n\r\n    <section id=\"proyectos\">\r\n        <!-- Proyectos se cargar\u00e1n din\u00e1micamente aqu\u00ed -->\r\n    <\/section>\r\n\r\n    <script>\r\n        const proyectos = [\r\n            {\r\n                titulo: \"Ley de Apoyo a Emprendedores Rurales\",\r\n                descripcion: \"Brinda facilidades tributarias y acceso a financiamiento a emprendedores del sector rural.\",\r\n                estado: \"aprobado\",\r\n                categoria: \"economia\",\r\n                enlace: \"docs\/ley_emprendedores.pdf\"\r\n            },\r\n            {\r\n                titulo: \"Ley de Protecci\u00f3n del Empleo Juvenil\",\r\n                descripcion: \"Iniciativa para fomentar la contrataci\u00f3n de j\u00f3venes en empresas mediante beneficios tributarios.\",\r\n                estado: \"en_comision\",\r\n                categoria: \"empleo\",\r\n                enlace: \"docs\/ley_empleo_juvenil.pdf\"\r\n            }\r\n        ];\r\n\r\n        function cargarProyectos() {\r\n            const contenedor = document.getElementById(\"proyectos\");\r\n            contenedor.innerHTML = \"\";\r\n            \r\n            proyectos.forEach(proyecto => {\r\n                const div = document.createElement(\"div\");\r\n                div.classList.add(\"proyecto\");\r\n                div.innerHTML = `\r\n                    <h2>${proyecto.titulo}<\/h2>\r\n                    <p>${proyecto.descripcion}<\/p>\r\n                    <p><strong>Estado:<\/strong> ${proyecto.estado}<\/p>\r\n                    <a href=\"${proyecto.enlace}\" target=\"_blank\">Descargar PDF<\/a>\r\n                `;\r\n                contenedor.appendChild(div);\r\n            });\r\n        }\r\n\r\n        function filtrarProyectos() {\r\n            const estado = document.getElementById(\"estado\").value;\r\n            const categoria = document.getElementById(\"categoria\").value;\r\n            const contenedor = document.getElementById(\"proyectos\");\r\n            contenedor.innerHTML = \"\";\r\n            \r\n            proyectos.filter(proyecto =>\r\n                (estado === \"todos\" || proyecto.estado === estado) &&\r\n                (categoria === \"todas\" || proyecto.categoria === categoria)\r\n            ).forEach(proyecto => {\r\n                const div = document.createElement(\"div\");\r\n                div.classList.add(\"proyecto\");\r\n                div.innerHTML = `\r\n                    <h2>${proyecto.titulo}<\/h2>\r\n                    <p>${proyecto.descripcion}<\/p>\r\n                    <p><strong>Estado:<\/strong> ${proyecto.estado}<\/p>\r\n                    <a href=\"${proyecto.enlace}\" target=\"_blank\">Descargar PDF<\/a>\r\n                `;\r\n                contenedor.appendChild(div);\r\n            });\r\n        }\r\n\r\n        document.addEventListener(\"DOMContentLoaded\", cargarProyectos);\r\n    <\/script>\r\n\r\n    <style>\r\n        body { font-family: Arial, sans-serif; margin: 20px; padding: 20px; }\r\n        header { text-align: center; margin-bottom: 20px; }\r\n        #filters { text-align: center; margin-bottom: 20px; }\r\n        .proyecto { border: 1px solid #ccc; padding: 15px; margin: 10px; border-radius: 5px; }\r\n        .proyecto h2 { margin: 0 0 10px; }\r\n        .proyecto a { color: blue; text-decoration: none; }\r\n    <\/style>\r\n<\/body>\r\n<\/html>\t\t\t\t<\/div>\n\t\t\t\t<\/div>\n\t\t\t\t\t<\/div>\n\t\t\t\t<\/div>\n\t\t<div class=\"elementor-element elementor-element-756678f e-flex e-con-boxed e-con e-parent\" data-id=\"756678f\" data-element_type=\"container\" data-e-type=\"container\">\n\t\t\t\t\t<div class=\"e-con-inner\">\n\t\t\t\t<div class=\"elementor-element elementor-element-dbbeb50 elementor-widget elementor-widget-heading\" data-id=\"dbbeb50\" data-element_type=\"widget\" data-e-type=\"widget\" data-widget_type=\"heading.default\">\n\t\t\t\t<div class=\"elementor-widget-container\">\n\t\t\t\t\t<h2 class=\"elementor-heading-title elementor-size-default\">\u00bfTienes una iniciativa legislativa? \u00a1Escr\u00edbenos!<\/h2>\t\t\t\t<\/div>\n\t\t\t\t<\/div>\n\t\t\t\t<div class=\"elementor-element elementor-element-5253069 elementor-widget elementor-widget-wpforms\" data-id=\"5253069\" data-element_type=\"widget\" data-e-type=\"widget\" data-widget_type=\"wpforms.default\">\n\t\t\t\t<div class=\"elementor-widget-container\">\n\t\t\t\t\t<div class=\"wpforms-container \" id=\"wpforms-37\"><form id=\"wpforms-form-37\" class=\"wpforms-validate wpforms-form\" data-formid=\"37\" method=\"post\" enctype=\"multipart\/form-data\" action=\"\/index.php\/wp-json\/wp\/v2\/pages\/442\" data-token=\"85c83641b1addba16c49bb61952d28d2\" data-token-time=\"1778068442\"><noscript class=\"wpforms-error-noscript\">Por favor, activa JavaScript en tu navegador para completar este formulario.<\/noscript><div class=\"wpforms-field-container\"><div id=\"wpforms-37-field_0-container\" class=\"wpforms-field wpforms-field-name\" data-field-id=\"0\"><label class=\"wpforms-field-label\">Nombre <span class=\"wpforms-required-label\">*<\/span><\/label><div class=\"wpforms-field-row wpforms-field-large\"><div class=\"wpforms-field-row-block wpforms-first wpforms-one-half\"><input type=\"text\" id=\"wpforms-37-field_0\" class=\"wpforms-field-name-first wpforms-field-required\" name=\"wpforms[fields][0][first]\" required><label for=\"wpforms-37-field_0\" class=\"wpforms-field-sublabel after\">Nombre<\/label><\/div><div class=\"wpforms-field-row-block wpforms-one-half\"><input type=\"text\" id=\"wpforms-37-field_0-last\" class=\"wpforms-field-name-last wpforms-field-required\" name=\"wpforms[fields][0][last]\" required><label for=\"wpforms-37-field_0-last\" class=\"wpforms-field-sublabel after\">Apellidos<\/label><\/div><\/div><\/div><div id=\"wpforms-37-field_1-container\" class=\"wpforms-field wpforms-field-email\" data-field-id=\"1\"><label class=\"wpforms-field-label\" for=\"wpforms-37-field_1\">Email <span class=\"wpforms-required-label\">*<\/span><\/label><input type=\"email\" id=\"wpforms-37-field_1\" class=\"wpforms-field-large wpforms-field-required\" name=\"wpforms[fields][1]\" spellcheck=\"false\" required><\/div><div id=\"wpforms-37-field_3-container\" class=\"wpforms-field wpforms-field-number\" data-field-id=\"3\"><label class=\"wpforms-field-label\" for=\"wpforms-37-field_3\">Celular <span class=\"wpforms-required-label\">*<\/span><\/label><input type=\"number\" id=\"wpforms-37-field_3\" class=\"wpforms-field-large wpforms-field-required\" name=\"wpforms[fields][3]\" step=\"any\" required><\/div><div id=\"wpforms-37-field_2-container\" class=\"wpforms-field wpforms-field-textarea\" data-field-id=\"2\"><label class=\"wpforms-field-label\" for=\"wpforms-37-field_2\">Mensaje <span class=\"wpforms-required-label\">*<\/span><\/label><textarea id=\"wpforms-37-field_2\" class=\"wpforms-field-medium wpforms-field-required\" name=\"wpforms[fields][2]\" required><\/textarea><\/div><\/div><!-- .wpforms-field-container --><div class=\"wpforms-submit-container\" ><input type=\"hidden\" name=\"wpforms[id]\" value=\"37\"><input type=\"hidden\" name=\"page_title\" value=\"\"><input type=\"hidden\" name=\"page_url\" value=\"https:\/\/ladycamonessoriano.com\/index.php\/wp-json\/wp\/v2\/pages\/442\"><input type=\"hidden\" name=\"url_referer\" value=\"\"><button type=\"submit\" name=\"wpforms[submit]\" id=\"wpforms-submit-37\" class=\"wpforms-submit\" data-alt-text=\"Enviando\" data-submit-text=\"Enviar\" aria-live=\"assertive\" value=\"wpforms-submit\">Enviar<\/button><\/div><\/form><\/div>  <!-- .wpforms-container -->\t\t\t\t<\/div>\n\t\t\t\t<\/div>\n\t\t\t\t\t<\/div>\n\t\t\t\t<\/div>\n\t\t\t\t<\/div>\n\t\t","protected":false},"excerpt":{"rendered":"<p>\u00a1Te animamos a descargar nuestra revista digital! \u00a0La hemos creado con mucho cari\u00f1o para mostrarte el fruto de nuestro esfuerzo a trav\u00e9s de iniciativas legislativas y gestiones en toda la regi\u00f3n \u00c1ncash y el Per\u00fa. \u00a1Acomp\u00e1\u00f1anos en este recorrido descargando ahora tu copia y descubre el trabajo que juntos estamos construyendo! \u00a0 DESCARGAR REVISTA Proyectos [&hellip;]<\/p>\n","protected":false},"author":1,"featured_media":0,"parent":0,"menu_order":0,"comment_status":"closed","ping_status":"closed","template":"","meta":{"site-sidebar-layout":"no-sidebar","site-content-layout":"page-builder","ast-site-content-layout":"full-width-container","site-content-style":"unboxed","site-sidebar-style":"unboxed","ast-global-header-display":"","ast-banner-title-visibility":"","ast-main-header-display":"","ast-hfb-above-header-display":"","ast-hfb-below-header-display":"","ast-hfb-mobile-header-display":"","site-post-title":"disabled","ast-breadcrumbs-content":"","ast-featured-img":"disabled","footer-sml-layout":"","ast-disable-related-posts":"","theme-transparent-header-meta":"enabled","adv-header-id-meta":"","stick-header-meta":"","header-above-stick-meta":"","header-main-stick-meta":"","header-below-stick-meta":"","astra-migrate-meta-layouts":"set","ast-page-background-enabled":"default","ast-page-background-meta":{"desktop":{"background-color":"","background-image":"","background-repeat":"repeat","background-position":"center center","background-size":"auto","background-attachment":"scroll","background-type":"","background-media":"","overlay-type":"","overlay-color":"","overlay-opacity":"","overlay-gradient":""},"tablet":{"background-color":"","background-image":"","background-repeat":"repeat","background-position":"center center","background-size":"auto","background-attachment":"scroll","background-type":"","background-media":"","overlay-type":"","overlay-color":"","overlay-opacity":"","overlay-gradient":""},"mobile":{"background-color":"","background-image":"","background-repeat":"repeat","background-position":"center center","background-size":"auto","background-attachment":"scroll","background-type":"","background-media":"","overlay-type":"","overlay-color":"","overlay-opacity":"","overlay-gradient":""}},"ast-content-background-meta":{"desktop":{"background-color":"var(--ast-global-color-5)","background-image":"","background-repeat":"repeat","background-position":"center center","background-size":"auto","background-attachment":"scroll","background-type":"","background-media":"","overlay-type":"","overlay-color":"","overlay-opacity":"","overlay-gradient":""},"tablet":{"background-color":"var(--ast-global-color-5)","background-image":"","background-repeat":"repeat","background-position":"center center","background-size":"auto","background-attachment":"scroll","background-type":"","background-media":"","overlay-type":"","overlay-color":"","overlay-opacity":"","overlay-gradient":""},"mobile":{"background-color":"var(--ast-global-color-5)","background-image":"","background-repeat":"repeat","background-position":"center center","background-size":"auto","background-attachment":"scroll","background-type":"","background-media":"","overlay-type":"","overlay-color":"","overlay-opacity":"","overlay-gradient":""}},"footnotes":""},"class_list":["post-442","page","type-page","status-publish","hentry"],"yoast_head":"<!-- This site is optimized with the Yoast SEO plugin v26.9 - https:\/\/yoast.com\/product\/yoast-seo-wordpress\/ -->\n<title>Producci\u00f3n legislativa - Marca la A y escribe el 4<\/title>\n<meta name=\"robots\" content=\"index, follow, max-snippet:-1, max-image-preview:large, max-video-preview:-1\" \/>\n<link rel=\"canonical\" href=\"https:\/\/ladycamonessoriano.com\/index.php\/produccion-legislativa\/\" \/>\n<meta property=\"og:locale\" content=\"es_ES\" \/>\n<meta property=\"og:type\" content=\"article\" \/>\n<meta property=\"og:title\" content=\"Producci\u00f3n legislativa - Marca la A y escribe el 4\" \/>\n<meta property=\"og:description\" content=\"\u00a1Te animamos a descargar nuestra revista digital! \u00a0La hemos creado con mucho cari\u00f1o para mostrarte el fruto de nuestro esfuerzo a trav\u00e9s de iniciativas legislativas y gestiones en toda la regi\u00f3n \u00c1ncash y el Per\u00fa. \u00a1Acomp\u00e1\u00f1anos en este recorrido descargando ahora tu copia y descubre el trabajo que juntos estamos construyendo! \u00a0 DESCARGAR REVISTA Proyectos [&hellip;]\" \/>\n<meta property=\"og:url\" content=\"https:\/\/ladycamonessoriano.com\/index.php\/produccion-legislativa\/\" \/>\n<meta property=\"og:site_name\" content=\"Marca la A y escribe el 4\" \/>\n<meta property=\"article:modified_time\" content=\"2025-06-05T17:31:41+00:00\" \/>\n<meta property=\"og:image\" content=\"http:\/\/ladycamonessoriano.com\/wp-content\/uploads\/2023\/10\/REVISTA-MOCKUP-1-1024x683.png\" \/>\n<meta name=\"twitter:card\" content=\"summary_large_image\" \/>\n<meta name=\"twitter:label1\" content=\"Tiempo de lectura\" \/>\n\t<meta name=\"twitter:data1\" content=\"1 minuto\" \/>\n<script type=\"application\/ld+json\" class=\"yoast-schema-graph\">{\"@context\":\"https:\/\/schema.org\",\"@graph\":[{\"@type\":\"WebPage\",\"@id\":\"https:\/\/ladycamonessoriano.com\/index.php\/produccion-legislativa\/\",\"url\":\"https:\/\/ladycamonessoriano.com\/index.php\/produccion-legislativa\/\",\"name\":\"Producci\u00f3n legislativa - Marca la A y escribe el 4\",\"isPartOf\":{\"@id\":\"https:\/\/ladycamonessoriano.com\/#website\"},\"primaryImageOfPage\":{\"@id\":\"https:\/\/ladycamonessoriano.com\/index.php\/produccion-legislativa\/#primaryimage\"},\"image\":{\"@id\":\"https:\/\/ladycamonessoriano.com\/index.php\/produccion-legislativa\/#primaryimage\"},\"thumbnailUrl\":\"http:\/\/ladycamonessoriano.com\/wp-content\/uploads\/2023\/10\/REVISTA-MOCKUP-1-1024x683.png\",\"datePublished\":\"2020-12-16T00:36:01+00:00\",\"dateModified\":\"2025-06-05T17:31:41+00:00\",\"breadcrumb\":{\"@id\":\"https:\/\/ladycamonessoriano.com\/index.php\/produccion-legislativa\/#breadcrumb\"},\"inLanguage\":\"es\",\"potentialAction\":[{\"@type\":\"ReadAction\",\"target\":[\"https:\/\/ladycamonessoriano.com\/index.php\/produccion-legislativa\/\"]}]},{\"@type\":\"ImageObject\",\"inLanguage\":\"es\",\"@id\":\"https:\/\/ladycamonessoriano.com\/index.php\/produccion-legislativa\/#primaryimage\",\"url\":\"https:\/\/ladycamonessoriano.com\/wp-content\/uploads\/2023\/10\/REVISTA-MOCKUP-1.png\",\"contentUrl\":\"https:\/\/ladycamonessoriano.com\/wp-content\/uploads\/2023\/10\/REVISTA-MOCKUP-1.png\",\"width\":1500,\"height\":1000},{\"@type\":\"BreadcrumbList\",\"@id\":\"https:\/\/ladycamonessoriano.com\/index.php\/produccion-legislativa\/#breadcrumb\",\"itemListElement\":[{\"@type\":\"ListItem\",\"position\":1,\"name\":\"Portada\",\"item\":\"https:\/\/ladycamonessoriano.com\/\"},{\"@type\":\"ListItem\",\"position\":2,\"name\":\"Producci\u00f3n legislativa\"}]},{\"@type\":\"WebSite\",\"@id\":\"https:\/\/ladycamonessoriano.com\/#website\",\"url\":\"https:\/\/ladycamonessoriano.com\/\",\"name\":\"Marca la A y escribe el 4\",\"description\":\"Congresista de la Rep\u00fablica del Per\u00fa\",\"publisher\":{\"@id\":\"https:\/\/ladycamonessoriano.com\/#organization\"},\"potentialAction\":[{\"@type\":\"SearchAction\",\"target\":{\"@type\":\"EntryPoint\",\"urlTemplate\":\"https:\/\/ladycamonessoriano.com\/?s={search_term_string}\"},\"query-input\":{\"@type\":\"PropertyValueSpecification\",\"valueRequired\":true,\"valueName\":\"search_term_string\"}}],\"inLanguage\":\"es\"},{\"@type\":\"Organization\",\"@id\":\"https:\/\/ladycamonessoriano.com\/#organization\",\"name\":\"Marca la A y escribe el 4\",\"url\":\"https:\/\/ladycamonessoriano.com\/\",\"logo\":{\"@type\":\"ImageObject\",\"inLanguage\":\"es\",\"@id\":\"https:\/\/ladycamonessoriano.com\/#\/schema\/logo\/image\/\",\"url\":\"https:\/\/ladycamonessoriano.com\/wp-content\/uploads\/2023\/10\/Logo-Lady-Camones.svg\",\"contentUrl\":\"https:\/\/ladycamonessoriano.com\/wp-content\/uploads\/2023\/10\/Logo-Lady-Camones.svg\",\"width\":180,\"height\":60,\"caption\":\"Marca la A y escribe el 4\"},\"image\":{\"@id\":\"https:\/\/ladycamonessoriano.com\/#\/schema\/logo\/image\/\"}}]}<\/script>\n<!-- \/ Yoast SEO plugin. -->","yoast_head_json":{"title":"Producci\u00f3n legislativa - Marca la A y escribe el 4","robots":{"index":"index","follow":"follow","max-snippet":"max-snippet:-1","max-image-preview":"max-image-preview:large","max-video-preview":"max-video-preview:-1"},"canonical":"https:\/\/ladycamonessoriano.com\/index.php\/produccion-legislativa\/","og_locale":"es_ES","og_type":"article","og_title":"Producci\u00f3n legislativa - Marca la A y escribe el 4","og_description":"\u00a1Te animamos a descargar nuestra revista digital! \u00a0La hemos creado con mucho cari\u00f1o para mostrarte el fruto de nuestro esfuerzo a trav\u00e9s de iniciativas legislativas y gestiones en toda la regi\u00f3n \u00c1ncash y el Per\u00fa. \u00a1Acomp\u00e1\u00f1anos en este recorrido descargando ahora tu copia y descubre el trabajo que juntos estamos construyendo! \u00a0 DESCARGAR REVISTA Proyectos [&hellip;]","og_url":"https:\/\/ladycamonessoriano.com\/index.php\/produccion-legislativa\/","og_site_name":"Marca la A y escribe el 4","article_modified_time":"2025-06-05T17:31:41+00:00","og_image":[{"url":"http:\/\/ladycamonessoriano.com\/wp-content\/uploads\/2023\/10\/REVISTA-MOCKUP-1-1024x683.png","type":"","width":"","height":""}],"twitter_card":"summary_large_image","twitter_misc":{"Tiempo de lectura":"1 minuto"},"schema":{"@context":"https:\/\/schema.org","@graph":[{"@type":"WebPage","@id":"https:\/\/ladycamonessoriano.com\/index.php\/produccion-legislativa\/","url":"https:\/\/ladycamonessoriano.com\/index.php\/produccion-legislativa\/","name":"Producci\u00f3n legislativa - Marca la A y escribe el 4","isPartOf":{"@id":"https:\/\/ladycamonessoriano.com\/#website"},"primaryImageOfPage":{"@id":"https:\/\/ladycamonessoriano.com\/index.php\/produccion-legislativa\/#primaryimage"},"image":{"@id":"https:\/\/ladycamonessoriano.com\/index.php\/produccion-legislativa\/#primaryimage"},"thumbnailUrl":"http:\/\/ladycamonessoriano.com\/wp-content\/uploads\/2023\/10\/REVISTA-MOCKUP-1-1024x683.png","datePublished":"2020-12-16T00:36:01+00:00","dateModified":"2025-06-05T17:31:41+00:00","breadcrumb":{"@id":"https:\/\/ladycamonessoriano.com\/index.php\/produccion-legislativa\/#breadcrumb"},"inLanguage":"es","potentialAction":[{"@type":"ReadAction","target":["https:\/\/ladycamonessoriano.com\/index.php\/produccion-legislativa\/"]}]},{"@type":"ImageObject","inLanguage":"es","@id":"https:\/\/ladycamonessoriano.com\/index.php\/produccion-legislativa\/#primaryimage","url":"https:\/\/ladycamonessoriano.com\/wp-content\/uploads\/2023\/10\/REVISTA-MOCKUP-1.png","contentUrl":"https:\/\/ladycamonessoriano.com\/wp-content\/uploads\/2023\/10\/REVISTA-MOCKUP-1.png","width":1500,"height":1000},{"@type":"BreadcrumbList","@id":"https:\/\/ladycamonessoriano.com\/index.php\/produccion-legislativa\/#breadcrumb","itemListElement":[{"@type":"ListItem","position":1,"name":"Portada","item":"https:\/\/ladycamonessoriano.com\/"},{"@type":"ListItem","position":2,"name":"Producci\u00f3n legislativa"}]},{"@type":"WebSite","@id":"https:\/\/ladycamonessoriano.com\/#website","url":"https:\/\/ladycamonessoriano.com\/","name":"Marca la A y escribe el 4","description":"Congresista de la Rep\u00fablica del Per\u00fa","publisher":{"@id":"https:\/\/ladycamonessoriano.com\/#organization"},"potentialAction":[{"@type":"SearchAction","target":{"@type":"EntryPoint","urlTemplate":"https:\/\/ladycamonessoriano.com\/?s={search_term_string}"},"query-input":{"@type":"PropertyValueSpecification","valueRequired":true,"valueName":"search_term_string"}}],"inLanguage":"es"},{"@type":"Organization","@id":"https:\/\/ladycamonessoriano.com\/#organization","name":"Marca la A y escribe el 4","url":"https:\/\/ladycamonessoriano.com\/","logo":{"@type":"ImageObject","inLanguage":"es","@id":"https:\/\/ladycamonessoriano.com\/#\/schema\/logo\/image\/","url":"https:\/\/ladycamonessoriano.com\/wp-content\/uploads\/2023\/10\/Logo-Lady-Camones.svg","contentUrl":"https:\/\/ladycamonessoriano.com\/wp-content\/uploads\/2023\/10\/Logo-Lady-Camones.svg","width":180,"height":60,"caption":"Marca la A y escribe el 4"},"image":{"@id":"https:\/\/ladycamonessoriano.com\/#\/schema\/logo\/image\/"}}]}},"_links":{"self":[{"href":"https:\/\/ladycamonessoriano.com\/index.php\/wp-json\/wp\/v2\/pages\/442","targetHints":{"allow":["GET"]}}],"collection":[{"href":"https:\/\/ladycamonessoriano.com\/index.php\/wp-json\/wp\/v2\/pages"}],"about":[{"href":"https:\/\/ladycamonessoriano.com\/index.php\/wp-json\/wp\/v2\/types\/page"}],"author":[{"embeddable":true,"href":"https:\/\/ladycamonessoriano.com\/index.php\/wp-json\/wp\/v2\/users\/1"}],"replies":[{"embeddable":true,"href":"https:\/\/ladycamonessoriano.com\/index.php\/wp-json\/wp\/v2\/comments?post=442"}],"version-history":[{"count":48,"href":"https:\/\/ladycamonessoriano.com\/index.php\/wp-json\/wp\/v2\/pages\/442\/revisions"}],"predecessor-version":[{"id":2207,"href":"https:\/\/ladycamonessoriano.com\/index.php\/wp-json\/wp\/v2\/pages\/442\/revisions\/2207"}],"wp:attachment":[{"href":"https:\/\/ladycamonessoriano.com\/index.php\/wp-json\/wp\/v2\/media?parent=442"}],"curies":[{"name":"wp","href":"https:\/\/api.w.org\/{rel}","templated":true}]}}