{"id":1861,"date":"2024-07-31T00:50:03","date_gmt":"2024-07-30T22:50:03","guid":{"rendered":"https:\/\/ladycamonessoriano.com\/?page_id=1861"},"modified":"2025-06-05T12:31:54","modified_gmt":"2025-06-05T17:31:54","slug":"proyectos-de-ley","status":"publish","type":"page","link":"https:\/\/ladycamonessoriano.com\/index.php\/proyectos-de-ley\/","title":{"rendered":"PROYECTOS DE LEY"},"content":{"rendered":"\t\t<div data-elementor-type=\"wp-page\" data-elementor-id=\"1861\" class=\"elementor elementor-1861\" data-elementor-post-type=\"page\">\n\t\t\t\t<div class=\"elementor-element elementor-element-2473712 e-flex e-con-boxed e-con e-parent\" data-id=\"2473712\" data-element_type=\"container\" data-e-type=\"container\">\n\t\t\t\t\t<div class=\"e-con-inner\">\n\t\t\t\t<div class=\"elementor-element elementor-element-bff5301 elementor-widget elementor-widget-html\" data-id=\"bff5301\" data-element_type=\"widget\" data-e-type=\"widget\" data-widget_type=\"html.default\">\n\t\t\t\t<div class=\"elementor-widget-container\">\n\t\t\t\t\t<!DOCTYPE html>\r\n<html lang=\"es\">\r\n<head>\r\n    <meta charset=\"UTF-8\">\r\n    <meta name=\"viewport\" content=\"width=device-width, initial-scale=1.0\">\r\n    <title>Proyectos de Ley - Lady Camones<\/title>\r\n    <style>\r\n        body {\r\n            font-family: Arial, sans-serif;\r\n            background-color: #f4f4f4;\r\n            margin: 0;\r\n            padding: 0;\r\n        }\r\n        .container {\r\n            width: 90%;\r\n            margin: auto;\r\n            overflow: hidden;\r\n            padding: 20px;\r\n            background-color: #fff;\r\n            box-shadow: 0 0 10px rgba(0, 0, 0, 0.1);\r\n            border-radius: 10px;\r\n            margin-top: 20px;\r\n        }\r\n        header {\r\n            background: #333;\r\n            color: #fff;\r\n            padding: 10px 0;\r\n            text-align: center;\r\n            border-radius: 10px 10px 0 0;\r\n        }\r\n        header h1 {\r\n            margin: 0;\r\n            font-size: 24px;\r\n        }\r\n        .main-content {\r\n            padding: 20px;\r\n        }\r\n        .search-bar {\r\n            margin-bottom: 20px;\r\n            display: flex;\r\n            justify-content: space-between;\r\n        }\r\n        .search-bar input, .search-bar select {\r\n            padding: 10px;\r\n            font-size: 14px;\r\n            border: 1px solid #ccc;\r\n            border-radius: 5px;\r\n            width: 48%;\r\n        }\r\n        table {\r\n            width: 100%;\r\n            border-collapse: collapse;\r\n            margin-top: 20px;\r\n        }\r\n        table, th, td {\r\n            border: 1px solid #ddd;\r\n        }\r\n        th, td {\r\n            padding: 12px;\r\n            text-align: left;\r\n            font-size: 14px;\r\n        }\r\n        th {\r\n            background-color: #77aaff;\r\n            color: white;\r\n        }\r\n        tr:nth-child(even) {\r\n            background-color: #f9f9f9;\r\n        }\r\n    <\/style>\r\n<\/head>\r\n<body>\r\n    <header>\r\n        <div class=\"container\">\r\n            <h1>Proyectos de Ley - Lady Camones<\/h1>\r\n        <\/div>\r\n    <\/header>\r\n\r\n    <div class=\"container main-content\">\r\n        <div class=\"search-bar\">\r\n            <input type=\"text\" id=\"searchInput\" onkeyup=\"filterTable()\" placeholder=\"Buscar por t\u00edtulo...\">\r\n            <select id=\"stateFilter\" onchange=\"filterTable()\">\r\n                <option value=\"todos\">Todos los estados<\/option>\r\n                <option value=\"EN COMISI\u00d3N\">En Comisi\u00f3n<\/option>\r\n                <option value=\"DICTAMEN\">Dictamen<\/option>\r\n                <option value=\"Publicada en el Diario Oficial El Peruano\">Publicada<\/option>\r\n            <\/select>\r\n        <\/div>\r\n        <table id=\"projectsTable\">\r\n            <thead>\r\n                <tr>\r\n                    <th>N\u00famero de Proyecto<\/th>\r\n                    <th>T\u00edtulo<\/th>\r\n                    <th>Estado<\/th>\r\n                    <th>Sector<\/th>\r\n                <\/tr>\r\n            <\/thead>\r\n            <tbody>\r\n                <!-- Contenido din\u00e1mico desde JavaScript -->\r\n            <\/tbody>\r\n        <\/table>\r\n    <\/div>\r\n\r\n    <script>\r\n        const projects = [\r\n            { numero: '06124\/2023-CR', titulo: 'Ley de nombramiento progresivo de los trabajadores administrativos del sector educaci\u00f3n.', estado: 'EN COMISI\u00d3N', sector: 'Educaci\u00f3n' },\r\n            { numero: '05865\/2023-CR', titulo: 'Ley que declara el tercer lunes de agosto de cada a\u00f1o como el D\u00eda del Docente Rural.', estado: 'EN COMISI\u00d3N', sector: 'Educaci\u00f3n' },\r\n            { numero: '04048\/2022-CR', titulo: 'Ley que modifica los art\u00edculos N\u00b0 2, 3 y 5 de la Ley N\u00b0 29426, Ley que regula la organizaci\u00f3n y funciones del Ministerio de Educaci\u00f3n.', estado: 'Publicada en el Diario Oficial El Peruano', sector: 'Educaci\u00f3n' },\r\n            { numero: '03757\/2022-CR', titulo: 'Ley que promueve la creaci\u00f3n e implementaci\u00f3n de programas de tutor\u00eda y orientaci\u00f3n educativa en las instituciones educativas p\u00fablicas y privadas.', estado: 'EN COMISI\u00d3N', sector: 'Educaci\u00f3n' },\r\n            { numero: '00713\/2021-CR', titulo: 'Ley de creaci\u00f3n del Colegio de Licenciados en Educaci\u00f3n Inicial del Per\u00fa.', estado: 'DICTAMEN', sector: 'Educaci\u00f3n' },\r\n            { numero: '00035\/2021-CR', titulo: 'Ley que promueve la inversi\u00f3n de los gobiernos regionales y locales en infraestructura educativa.', estado: 'Publicada en el Diario Oficial El Peruano', sector: 'Educaci\u00f3n' },\r\n            { numero: '00034\/2021-CR', titulo: 'Ley que dinamiza la ejecuci\u00f3n presupuestal de las instituciones educativas p\u00fablicas.', estado: 'Publicada en el Diario Oficial El Peruano', sector: 'Educaci\u00f3n' },\r\n            { numero: '08272\/2023-CR', titulo: 'Ley que modifica la Ley 27783 Ley de Bases de la Descentralizaci\u00f3n.', estado: 'EN COMISI\u00d3N', sector: 'Descentralizaci\u00f3n' },\r\n            { numero: '07773\/2023-CR', titulo: 'Ley que autoriza excepcionalmente el nombramiento de servidores p\u00fablicos.', estado: 'EN COMISI\u00d3N', sector: 'Funci\u00f3n P\u00fablica' },\r\n            { numero: '07315\/2023-CR', titulo: 'Proyecto de ley que modifica la Ley N\u00b0 29029 Ley de la Carrera Especial P\u00fablica del Profesorado.', estado: 'EN COMISI\u00d3N', sector: 'Educaci\u00f3n' },\r\n            { numero: '07292\/2023-CR', titulo: 'Ley que otorga facilidades a los gobiernos regionales y locales para la ejecuci\u00f3n de proyectos de infraestructura', estado: 'EN COMISI\u00d3N', sector: 'Infraestructura' },\r\n            { numero: '06907\/2023-CR', titulo: 'Ley que declara de inter\u00e9s nacional la construcci\u00f3n de un nuevo hospital en la regi\u00f3n \u00c1ncash', estado: 'EN COMISI\u00d3N', sector: 'Salud' },\r\n            { numero: '06862\/2023-CR', titulo: 'Ley que promueve la implementaci\u00f3n de energ\u00edas renovables en zonas rurales', estado: 'EN COMISI\u00d3N', sector: 'Energ\u00eda' },\r\n            { numero: '06593\/2023-CR', titulo: 'Ley que establece medidas de seguridad para la protecci\u00f3n de los pescadores artesanales', estado: 'EN COMISI\u00d3N', sector: 'Seguridad' },\r\n            { numero: '06552\/2023-CR', titulo: 'Ley que crea el fondo de emergencia para desastres naturales en regiones vulnerables', estado: 'EN COMISI\u00d3N', sector: 'Desastres Naturales' },\r\n            { numero: '06215\/2023-CR', titulo: 'Ley que promueve el desarrollo sostenible de las comunidades campesinas', estado: 'EN COMISI\u00d3N', sector: 'Desarrollo Sostenible' },\r\n            { numero: '06009\/2023-CR', titulo: 'Ley que regula el uso de pesticidas en la agricultura', estado: 'EN COMISI\u00d3N', sector: 'Agricultura' },\r\n            { numero: '05362\/2022-CR', titulo: 'Ley que incentiva la investigaci\u00f3n cient\u00edfica en universidades p\u00fablicas', estado: 'EN COMISI\u00d3N', sector: 'Ciencia y Tecnolog\u00eda' },\r\n            { numero: '04917\/2022-CR', titulo: 'Ley que protege los derechos laborales de los trabajadores del sector privado', estado: 'EN COMISI\u00d3N', sector: 'Trabajo' },\r\n            { numero: '04586\/2022-CR', titulo: 'Ley que fomenta la inversi\u00f3n extranjera en el sector tur\u00edstico', estado: 'EN COMISI\u00d3N', sector: 'Turismo' },\r\n            { numero: '04269\/2022-CR', titulo: 'Ley que establece pol\u00edticas de reciclaje y manejo de residuos s\u00f3lidos', estado: 'EN COMISI\u00d3N', sector: 'Medio Ambiente' },\r\n            { numero: '04125\/2022-CR', titulo: 'Ley que promueve la digitalizaci\u00f3n de los servicios p\u00fablicos', estado: 'EN COMISI\u00d3N', sector: 'Tecnolog\u00eda' },\r\n            { numero: '04122\/2022-CR', titulo: 'Ley que garantiza el acceso a internet en zonas rurales', estado: 'EN COMISI\u00d3N', sector: 'Tecnolog\u00eda' },\r\n            { numero: '04121\/2022-CR', titulo: 'Ley que establece incentivos fiscales para peque\u00f1as y medianas empresas', estado: 'EN COMISI\u00d3N', sector: 'Econom\u00eda' },\r\n            { numero: '03849\/2022-CR', titulo: 'Ley que protege los derechos de los consumidores en el comercio electr\u00f3nico', estado: 'EN COMISI\u00d3N', sector: 'Consumo' },\r\n            { numero: '03841\/2022-CR', titulo: 'Ley que promueve el uso de biocombustibles', estado: 'EN COMISI\u00d3N', sector: 'Energ\u00eda' },\r\n            { numero: '03826\/2022-CR', titulo: 'Ley que crea un programa nacional de reforestaci\u00f3n', estado: 'EN COMISI\u00d3N', sector: 'Medio Ambiente' },\r\n            { numero\r\n\t\t\t\t<\/div>\n\t\t\t\t<\/div>\n\t\t\t\t\t<\/div>\n\t\t\t\t<\/div>\n\t\t\t\t<\/div>\n\t\t","protected":false},"excerpt":{"rendered":"<p>Proyectos de Ley &#8211; Lady Camones Proyectos de Ley &#8211; Lady Camones Todos los estadosEn Comisi\u00f3nDictamenPublicada N\u00famero de Proyecto T\u00edtulo Estado Sector const projects = [ { numero: &#8216;06124\/2023-CR&#8217;, titulo: &#8216;Ley de nombramiento progresivo de los trabajadores administrativos del sector educaci\u00f3n.&#8217;, estado: &#8216;EN COMISI\u00d3N&#8217;, sector: &#8216;Educaci\u00f3n&#8217; }, { numero: &#8216;05865\/2023-CR&#8217;, titulo: &#8216;Ley que declara el [&hellip;]<\/p>\n","protected":false},"author":1,"featured_media":0,"parent":0,"menu_order":0,"comment_status":"closed","ping_status":"closed","template":"","meta":{"site-sidebar-layout":"no-sidebar","site-content-layout":"page-builder","ast-site-content-layout":"full-width-container","site-content-style":"default","site-sidebar-style":"default","ast-global-header-display":"","ast-banner-title-visibility":"","ast-main-header-display":"","ast-hfb-above-header-display":"","ast-hfb-below-header-display":"","ast-hfb-mobile-header-display":"","site-post-title":"disabled","ast-breadcrumbs-content":"","ast-featured-img":"disabled","footer-sml-layout":"","ast-disable-related-posts":"","theme-transparent-header-meta":"","adv-header-id-meta":"","stick-header-meta":"","header-above-stick-meta":"","header-main-stick-meta":"","header-below-stick-meta":"","astra-migrate-meta-layouts":"set","ast-page-background-enabled":"default","ast-page-background-meta":{"desktop":{"background-color":"","background-image":"","background-repeat":"repeat","background-position":"center center","background-size":"auto","background-attachment":"scroll","background-type":"","background-media":"","overlay-type":"","overlay-color":"","overlay-opacity":"","overlay-gradient":""},"tablet":{"background-color":"","background-image":"","background-repeat":"repeat","background-position":"center center","background-size":"auto","background-attachment":"scroll","background-type":"","background-media":"","overlay-type":"","overlay-color":"","overlay-opacity":"","overlay-gradient":""},"mobile":{"background-color":"","background-image":"","background-repeat":"repeat","background-position":"center center","background-size":"auto","background-attachment":"scroll","background-type":"","background-media":"","overlay-type":"","overlay-color":"","overlay-opacity":"","overlay-gradient":""}},"ast-content-background-meta":{"desktop":{"background-color":"var(--ast-global-color-5)","background-image":"","background-repeat":"repeat","background-position":"center center","background-size":"auto","background-attachment":"scroll","background-type":"","background-media":"","overlay-type":"","overlay-color":"","overlay-opacity":"","overlay-gradient":""},"tablet":{"background-color":"var(--ast-global-color-5)","background-image":"","background-repeat":"repeat","background-position":"center center","background-size":"auto","background-attachment":"scroll","background-type":"","background-media":"","overlay-type":"","overlay-color":"","overlay-opacity":"","overlay-gradient":""},"mobile":{"background-color":"var(--ast-global-color-5)","background-image":"","background-repeat":"repeat","background-position":"center center","background-size":"auto","background-attachment":"scroll","background-type":"","background-media":"","overlay-type":"","overlay-color":"","overlay-opacity":"","overlay-gradient":""}},"footnotes":""},"class_list":["post-1861","page","type-page","status-publish","hentry"],"yoast_head":"<!-- This site is optimized with the Yoast SEO plugin v26.9 - https:\/\/yoast.com\/product\/yoast-seo-wordpress\/ -->\n<title>PROYECTOS DE LEY - Marca la A y escribe el 4<\/title>\n<meta name=\"robots\" content=\"index, follow, max-snippet:-1, max-image-preview:large, max-video-preview:-1\" \/>\n<link rel=\"canonical\" href=\"https:\/\/ladycamonessoriano.com\/index.php\/proyectos-de-ley\/\" \/>\n<meta property=\"og:locale\" content=\"es_ES\" \/>\n<meta property=\"og:type\" content=\"article\" \/>\n<meta property=\"og:title\" content=\"PROYECTOS DE LEY - Marca la A y escribe el 4\" \/>\n<meta property=\"og:description\" content=\"Proyectos de Ley &#8211; Lady Camones Proyectos de Ley &#8211; Lady Camones Todos los estadosEn Comisi\u00f3nDictamenPublicada N\u00famero de Proyecto T\u00edtulo Estado Sector const projects = [ { numero: &#039;06124\/2023-CR&#039;, titulo: &#039;Ley de nombramiento progresivo de los trabajadores administrativos del sector educaci\u00f3n.&#039;, estado: &#039;EN COMISI\u00d3N&#039;, sector: &#039;Educaci\u00f3n&#039; }, { numero: &#039;05865\/2023-CR&#039;, titulo: &#039;Ley que declara el [&hellip;]\" \/>\n<meta property=\"og:url\" content=\"https:\/\/ladycamonessoriano.com\/index.php\/proyectos-de-ley\/\" \/>\n<meta property=\"og:site_name\" content=\"Marca la A y escribe el 4\" \/>\n<meta property=\"article:modified_time\" content=\"2025-06-05T17:31:54+00:00\" \/>\n<meta name=\"twitter:card\" content=\"summary_large_image\" \/>\n<script type=\"application\/ld+json\" class=\"yoast-schema-graph\">{\"@context\":\"https:\/\/schema.org\",\"@graph\":[{\"@type\":\"WebPage\",\"@id\":\"https:\/\/ladycamonessoriano.com\/index.php\/proyectos-de-ley\/\",\"url\":\"https:\/\/ladycamonessoriano.com\/index.php\/proyectos-de-ley\/\",\"name\":\"PROYECTOS DE LEY - Marca la A y escribe el 4\",\"isPartOf\":{\"@id\":\"https:\/\/ladycamonessoriano.com\/#website\"},\"datePublished\":\"2024-07-30T22:50:03+00:00\",\"dateModified\":\"2025-06-05T17:31:54+00:00\",\"breadcrumb\":{\"@id\":\"https:\/\/ladycamonessoriano.com\/index.php\/proyectos-de-ley\/#breadcrumb\"},\"inLanguage\":\"es\",\"potentialAction\":[{\"@type\":\"ReadAction\",\"target\":[\"https:\/\/ladycamonessoriano.com\/index.php\/proyectos-de-ley\/\"]}]},{\"@type\":\"BreadcrumbList\",\"@id\":\"https:\/\/ladycamonessoriano.com\/index.php\/proyectos-de-ley\/#breadcrumb\",\"itemListElement\":[{\"@type\":\"ListItem\",\"position\":1,\"name\":\"Portada\",\"item\":\"https:\/\/ladycamonessoriano.com\/\"},{\"@type\":\"ListItem\",\"position\":2,\"name\":\"PROYECTOS DE LEY\"}]},{\"@type\":\"WebSite\",\"@id\":\"https:\/\/ladycamonessoriano.com\/#website\",\"url\":\"https:\/\/ladycamonessoriano.com\/\",\"name\":\"Marca la A y escribe el 4\",\"description\":\"Congresista de la Rep\u00fablica del Per\u00fa\",\"publisher\":{\"@id\":\"https:\/\/ladycamonessoriano.com\/#organization\"},\"potentialAction\":[{\"@type\":\"SearchAction\",\"target\":{\"@type\":\"EntryPoint\",\"urlTemplate\":\"https:\/\/ladycamonessoriano.com\/?s={search_term_string}\"},\"query-input\":{\"@type\":\"PropertyValueSpecification\",\"valueRequired\":true,\"valueName\":\"search_term_string\"}}],\"inLanguage\":\"es\"},{\"@type\":\"Organization\",\"@id\":\"https:\/\/ladycamonessoriano.com\/#organization\",\"name\":\"Marca la A y escribe el 4\",\"url\":\"https:\/\/ladycamonessoriano.com\/\",\"logo\":{\"@type\":\"ImageObject\",\"inLanguage\":\"es\",\"@id\":\"https:\/\/ladycamonessoriano.com\/#\/schema\/logo\/image\/\",\"url\":\"https:\/\/ladycamonessoriano.com\/wp-content\/uploads\/2023\/10\/Logo-Lady-Camones.svg\",\"contentUrl\":\"https:\/\/ladycamonessoriano.com\/wp-content\/uploads\/2023\/10\/Logo-Lady-Camones.svg\",\"width\":180,\"height\":60,\"caption\":\"Marca la A y escribe el 4\"},\"image\":{\"@id\":\"https:\/\/ladycamonessoriano.com\/#\/schema\/logo\/image\/\"}}]}<\/script>\n<!-- \/ Yoast SEO plugin. -->","yoast_head_json":{"title":"PROYECTOS DE LEY - Marca la A y escribe el 4","robots":{"index":"index","follow":"follow","max-snippet":"max-snippet:-1","max-image-preview":"max-image-preview:large","max-video-preview":"max-video-preview:-1"},"canonical":"https:\/\/ladycamonessoriano.com\/index.php\/proyectos-de-ley\/","og_locale":"es_ES","og_type":"article","og_title":"PROYECTOS DE LEY - Marca la A y escribe el 4","og_description":"Proyectos de Ley &#8211; Lady Camones Proyectos de Ley &#8211; Lady Camones Todos los estadosEn Comisi\u00f3nDictamenPublicada N\u00famero de Proyecto T\u00edtulo Estado Sector const projects = [ { numero: '06124\/2023-CR', titulo: 'Ley de nombramiento progresivo de los trabajadores administrativos del sector educaci\u00f3n.', estado: 'EN COMISI\u00d3N', sector: 'Educaci\u00f3n' }, { numero: '05865\/2023-CR', titulo: 'Ley que declara el [&hellip;]","og_url":"https:\/\/ladycamonessoriano.com\/index.php\/proyectos-de-ley\/","og_site_name":"Marca la A y escribe el 4","article_modified_time":"2025-06-05T17:31:54+00:00","twitter_card":"summary_large_image","schema":{"@context":"https:\/\/schema.org","@graph":[{"@type":"WebPage","@id":"https:\/\/ladycamonessoriano.com\/index.php\/proyectos-de-ley\/","url":"https:\/\/ladycamonessoriano.com\/index.php\/proyectos-de-ley\/","name":"PROYECTOS DE LEY - Marca la A y escribe el 4","isPartOf":{"@id":"https:\/\/ladycamonessoriano.com\/#website"},"datePublished":"2024-07-30T22:50:03+00:00","dateModified":"2025-06-05T17:31:54+00:00","breadcrumb":{"@id":"https:\/\/ladycamonessoriano.com\/index.php\/proyectos-de-ley\/#breadcrumb"},"inLanguage":"es","potentialAction":[{"@type":"ReadAction","target":["https:\/\/ladycamonessoriano.com\/index.php\/proyectos-de-ley\/"]}]},{"@type":"BreadcrumbList","@id":"https:\/\/ladycamonessoriano.com\/index.php\/proyectos-de-ley\/#breadcrumb","itemListElement":[{"@type":"ListItem","position":1,"name":"Portada","item":"https:\/\/ladycamonessoriano.com\/"},{"@type":"ListItem","position":2,"name":"PROYECTOS DE LEY"}]},{"@type":"WebSite","@id":"https:\/\/ladycamonessoriano.com\/#website","url":"https:\/\/ladycamonessoriano.com\/","name":"Marca la A y escribe el 4","description":"Congresista de la Rep\u00fablica del Per\u00fa","publisher":{"@id":"https:\/\/ladycamonessoriano.com\/#organization"},"potentialAction":[{"@type":"SearchAction","target":{"@type":"EntryPoint","urlTemplate":"https:\/\/ladycamonessoriano.com\/?s={search_term_string}"},"query-input":{"@type":"PropertyValueSpecification","valueRequired":true,"valueName":"search_term_string"}}],"inLanguage":"es"},{"@type":"Organization","@id":"https:\/\/ladycamonessoriano.com\/#organization","name":"Marca la A y escribe el 4","url":"https:\/\/ladycamonessoriano.com\/","logo":{"@type":"ImageObject","inLanguage":"es","@id":"https:\/\/ladycamonessoriano.com\/#\/schema\/logo\/image\/","url":"https:\/\/ladycamonessoriano.com\/wp-content\/uploads\/2023\/10\/Logo-Lady-Camones.svg","contentUrl":"https:\/\/ladycamonessoriano.com\/wp-content\/uploads\/2023\/10\/Logo-Lady-Camones.svg","width":180,"height":60,"caption":"Marca la A y escribe el 4"},"image":{"@id":"https:\/\/ladycamonessoriano.com\/#\/schema\/logo\/image\/"}}]}},"_links":{"self":[{"href":"https:\/\/ladycamonessoriano.com\/index.php\/wp-json\/wp\/v2\/pages\/1861","targetHints":{"allow":["GET"]}}],"collection":[{"href":"https:\/\/ladycamonessoriano.com\/index.php\/wp-json\/wp\/v2\/pages"}],"about":[{"href":"https:\/\/ladycamonessoriano.com\/index.php\/wp-json\/wp\/v2\/types\/page"}],"author":[{"embeddable":true,"href":"https:\/\/ladycamonessoriano.com\/index.php\/wp-json\/wp\/v2\/users\/1"}],"replies":[{"embeddable":true,"href":"https:\/\/ladycamonessoriano.com\/index.php\/wp-json\/wp\/v2\/comments?post=1861"}],"version-history":[{"count":4,"href":"https:\/\/ladycamonessoriano.com\/index.php\/wp-json\/wp\/v2\/pages\/1861\/revisions"}],"predecessor-version":[{"id":2203,"href":"https:\/\/ladycamonessoriano.com\/index.php\/wp-json\/wp\/v2\/pages\/1861\/revisions\/2203"}],"wp:attachment":[{"href":"https:\/\/ladycamonessoriano.com\/index.php\/wp-json\/wp\/v2\/media?parent=1861"}],"curies":[{"name":"wp","href":"https:\/\/api.w.org\/{rel}","templated":true}]}}